{"id":5476,"date":"2019-03-16T08:21:57","date_gmt":"2019-03-16T07:21:57","guid":{"rendered":"https:\/\/www.b4tlc.it\/?page_id=5476"},"modified":"2019-03-16T08:21:57","modified_gmt":"2019-03-16T07:21:57","slug":"privacy-policy","status":"publish","type":"page","link":"https:\/\/www.b4tlc.it\/en\/privacy-policy\/","title":{"rendered":"Privacy Policy"},"content":{"rendered":"<h2>Informativa Privacy ai Sensi del D.Lgs. N. 196\/2003<\/h2>\n<p>Gentile cliente,<\/p>\n<p>ti informiamo che B4 rispetta rigorosamente le disposizioni relative alla riservatezza dei dati personali richiesti per poter utilizzare i servizi offerti sul sito www.800b4.it e\/o sul portale mobile (poi indicati indistintamente come Sito o Sito B4). Di seguito, sono fornite alcune informazioni sulla tipologia dei dati trattati da B4, per quali scopi essi sono necessari e in quale modo sono impiegati. Queste indicazioni relative alla riservatezza dei dati sono aggiornate periodicamente; per questi motivi ti invitiamo a rileggerle regolarmente.<\/p>\n<p>Le nuove regole saranno efficaci decorsi 15 giorni dalla data della loro pubblicazione sul Sito. In ogni caso, qualora non dovessi condividerle, potrai richiedere la cancellazione della tua registrazione sul sito, comunicando la tua volont\u00e0 via e-mail al seguente indirizzo di posta elettronica:\u00a0<a href=\"mailto:info@34.154.89.188\">info@34.154.89.188<\/a>\u00a0Resta inteso che la cancellazione render\u00e0 impossibile l&#8217;utilizzo dei Prodotti e Servizi che necessitano della registrazione. Questa versione della Privacy Policy \u00e8 aggiornata al 12\/01\/2011.<\/p>\n<h2>Titolare del trattamento<\/h2>\n<p>I tuoi dati personali sono utilizzati da B4 e comunicati ad altre societ\u00e0 nel pieno rispetto dei principi fondamentali dettati dal D.Lgs n 196\/03,&#8221;Codice in materia di protezione dei dati personali&#8221;(di seguito Codice).Titolare del trattamento \u00e8 B4 S.r.l. (di seguito B4) con sede legale in Via Adda 55 &#8211; 00198 Roma. Qualora desiderassi informazioni sui Responsabili del trattamento dei dati personali nominati dal titolare, sono disponibili, su richiesta, all&#8217;indirizzo:\u00a0<a href=\"mailto:info@34.154.89.188\">info@34.154.89.188<\/a>\u00a0I dipendenti di B4 sono nominati Incaricati del Trattamento. La sicurezza e riservatezza dei tuoi dati personali sono tutelate dalle misure di sicurezza prescritte dalla 1^ parte Titolo V e dall&#8217;all. B del Codice.<\/p>\n<h2>La comunicazione a terzi dei dati<\/h2>\n<p>La comunicazione a terzi, partner di B4, dei tuoi dati \u00e8 a volte necessaria per utilizzare i Servizi. Per tua comodit\u00e0, B4 potr\u00e0 trasmettere direttamente al fornitore esterno dei servizi alcuni tuoi dati personali. Sono anche previsti alcuni Servizi che saranno gestiti sul Sito B4\u00a0da alcuni fornitori, senza la nostra intermediazione. Se scegli di usufruire dei\u00a0servizi facoltativi, il trattamento delle informazioni sar\u00e0 effettuato da parte dei fornitori degli stessi servizi in conformit\u00e0 alle loro regole sulla privacy. In tali ipotesi, comunicherai direttamente i tuoi dati personali a tali fornitori di servizi e presterai loro il consenso alla raccolta di dati personali che ti riguardano. In tutte le altre ipotesi, i tuoi dati personali sono comunicati solo se B4 ne \u00e8 obbligata dalla legge. Ci\u00f2 si verifica, ad esempio, quando istituzioni statali richiedono a B4 di fornire informazioni, oppure quando B4 riceve un&#8217;ordinanza giudiziaria. In tutti gli altri casi la riservatezza dell&#8217;identit\u00e0 degli Utenti \u00e8 tutelata.<\/p>\n<h2>Trasferimento all&#8217;estero<\/h2>\n<p>B4 potrebbe trasferire i tuoi dati all&#8217;estero per l&#8217;esecuzione di alcuni Servizi. inoltre, condivide le informazioni ed i tuoi dati personali con altre societ\u00e0 del Gruppo B4 allo scopo di soddisfare le tue esigenze e di ottimizzare i servizi in tutto il mondo B4. Le informazioni e i dati che saranno comunicati a queste societ\u00e0 saranno trattati con gli equivalenti livelli di protezione adottati, da queste ultime, per il trattamento dei dati personali dei loro utenti.<\/p>\n<h2>Modalit\u00e0 e finalit\u00e0 della raccolta<\/h2>\n<p>B4 raccoglie, conserva ed elabora i tuoi dati personali in vari modi e nelle diverse aree del Sito www.800b4.it, allo scopo di fornire i Servizi ovvero per obblighi di Legge. Inoltre, nel caso in cui tu abbia prestato il necessario consenso, sono utilizzati per effettuare comunicazioni commerciali anche interattive, applicazioni interattive, active desktops e servizi di accesso ai contenuti, studi e ricerche statistiche e di mercato, promozioni, concorsi a premio, inviti ad eventi. I dati potranno anche essere comunicati a societ\u00e0 esterne di cui B4 si avvalga per fornire i Servizi e trasferiti all&#8217;estero per le stesse ragioni.<br \/>\nB4 pu\u00f2 occasionalmente richiederti di partecipare a studi, indagini a fine statistici e ricerche di mercato, allo scopo di migliorare il sito B4, sviluppare nuove opzioni da aggiungere ai prodotti e servizi, e comprendere sempre pi\u00f9 nel dettaglio i bisogni e gli interessi degli Utenti. Partecipa alle ricerche formando i cosiddetti &#8220;panel&#8221; solo chi ha, in precedenza, dato il consenso all&#8217;utilizzo dei propri dati per finalit\u00e0 commerciali, statistiche, ecc.\u00a0Si informa\u00a0che le ricerche potrebbero essere effettuate anche attraverso societ\u00e0 di ricerche di mercato e che i risultati delle stesse possono essere condivise con partner commerciali, attuali e potenziali, e con inserzionisti, ma solo ed esclusivamente in forma aggregata e anonima (e quindi non dati individuali ed identificabili).<br \/>\nInoltre i tuoi dati personali potranno essere utilizzati da B4 al fine di adempiere obblighi di legge e\/o dell&#8217;Autorit\u00e0.<\/p>\n<h2>Consenso necessario o facoltativo<\/h2>\n<p>Il conferimento dei tuoi dati personali potr\u00e0 essere necessario per fornirti alcune tipologie di Servizio del Sito B4 e per gli adempimenti di obblighi di legge. Un tuo eventuale rifiuto, anche successivo, comporterebbe l&#8217;impossibilit\u00e0 per B4 di fornirti i Servizi richiesti. In relazione ai trattamenti dei tuoi dati per finalit\u00e0 commerciali, il consenso \u00e8 invece facoltativo e sempre revocabile.<\/p>\n<h2>Diritti dell&#8217;interessato<\/h2>\n<p>Potrai sempre esercitare i diritti previsti dall&#8217;art. 7 del Codice:<br \/>\n\u2022\u00a0\u00a0per ottenere senza ritardo la conferma dell&#8217;esistenza o meno di dati personali che ti riguardano, nonch\u00e9 della logica e della finalit\u00e0 su cui si basa il trattamento; la cancellazione, la trasformazione in forma anonima o il blocco dei dati trattati in violazione di legge; l&#8217;aggiornamento, la rettifica ovvero l&#8217;integrazione dei dati; l&#8217;attestazione che le operazioni su indicate sono state portate a conoscenza di coloro ai quali i dati sono stati comunicati o diffusi, salvo il caso in cui tale adempimento si riveli impossibile o comporti un impiego di mezzi manifestamente sproporzionato rispetto al diritto tutelato;<\/p>\n<p>\u2022\u00a0\u00a0per opporti, in tutto o in parte, per motivi legittimi, al trattamento dei dati personali che ti riguardano;<\/p>\n<p>\u2022\u00a0\u00a0per opporti, in tutto o in parte, al trattamento di dati personali che ti riguardano, previsto ai fini di informazione commerciale o di invio di materiale pubblicitario di vendita diretta ovvero per il compimento di ricerche di mercato o di comunicazione commerciale interattiva e di essere informato dal Titolare, non oltre il momento in cui i dati sono comunicati o diffusi, della possibilit\u00e0 di esercitare gratuitamente tale diritto. Per qualsiasi informazione o istanza, potrai sempre rivolgersi direttamente a: B4 S.r.l. c\/o CCM- Rif. Privacy \u2013 Via Adda 55 &#8211; 00198 Roma oppure inviare una e-mail a:\u00a0<a href=\"mailto:info@34.154.89.188\">info@34.154.89.188<\/a>.<\/p>\n<p>Hai il diritto di decidere se e per quali scopi i suoi dati possono essere utilizzati. Puoi sempre scegliere se i tuoi dati potranno essere utilizzati per scopi di pubblicit\u00e0 o ricerca di mercato. In tutti i casi, \u00e8 possibile aggiornare i tuoi dati personali alla pagina Il tuo Profilo e revocare in ogni momento le autorizzazioni concesse scrivendo all&#8217;indirizzo\u00a0<a href=\"mailto:info@34.154.89.188\">info@34.154.89.188<\/a>\u00a0Se richiedi la cancellazione, per\u00f2, non potrai pi\u00f9 utilizzare i Servizi del Sito.<\/p>\n<h2>Richieste legali<\/h2>\n<p>B4 collabora con le forze dell&#8217;ordine e con altri soggetti pubblici e pubbliche Autorit\u00e0 per far rispettare ai propri utenti la legge, i diritti degli altri utenti e di terzi soggetti, compresi i loro diritti di propriet\u00e0 intellettuale. Pertanto, i tuoi dati personali potranno essere comunicati, ad esempio, a soggetti pubblici, nel caso in cui ci\u00f2 sia necessario per finalit\u00e0 di difesa, di sicurezza dello Stato, di prevenzione, accertamento o repressione di reati, nel rispetto delle norme che disciplinano questa materia. Questi soggetti pubblici hanno il diritto di richiedere ed ottenere le informazioni personali che ti riguardano anche qualora ci\u00f2 sia necessario o opportuno per investigazioni o accertamenti relativi alla commissione di truffe, frodi informatiche, alla violazione di diritti di propriet\u00e0 intellettuale, ad atti di pirateria informatica o ad altre attivit\u00e0 illecite, che potrebbero esporre B4 o i nostri utenti a responsabilit\u00e0 legali, civili o penali.<\/p>\n<h2>&#8220;Invia ad amici&#8221;<\/h2>\n<p>Se invii un articolo o altre informazioni utilizzando il servizio &#8220;Invia ad amici&#8221; ad un indirizzo email non registrato sul Sito, B4 lo utilizzer\u00e0 esclusivamente per inoltrare i tuoi messaggi e non per altri scopi. B4 non cede a nessun titolo, n\u00e9 comunica per scopi differenti da quelli indicati nelle Privacy Policy, tali indirizzi email. Il destinatario potr\u00e0 sempre decidere se autorizzare ulteriormente l&#8217;utilizzo dei suoi dati da parte di B4.<\/p>\n<h2>Misure di sicurezza per la protezione dei dati<\/h2>\n<p>B4 rispetta le misure di sicurezza per la protezione dei dati personali dai rischi di perdita, modifica o abuso. Inoltre, utilizza standard di sicurezza adeguati per la trasmissione di alcune informazioni, come le tecniche di decodificazione in formato SSL (Secure Socket Layer). Tuttavia, nessuna trasmissione di dati su Internet pu\u00f2 dirsi sicura al 100%: B4 pu\u00f2 assicurare la privacy degli Utenti solo sui suoi sistemi. Quando ti registri sul Sito, scegli un nome e una password con cui potrai accedere alle pagine di B4 e ai tuoi dati. Nella scelta della password ti consigliamo di non usare parole che possono essere facilmente collegate a te. La password \u00e8 maggiormente sicura se formata da almeno 8 caratteri alfanumerici, con maiuscole e minuscole e caratteri speciali (esempio: #, *, ^, ecc.). Inoltre, ti consigliamo di modificare la password possibilmente ad intervalli regolari, di non spedirla via e-mail o comunicarla in qualunque modo ad altri. Sei responsabile per tutti gli atti compiuti mediante l&#8217;utilizzo del tuo ID utente e della tua password, incluse le attivit\u00e0 relative ai pagamenti su Shop B4. Se decidi di fornire il tuo ID utente, la tua password o le tue informazioni a soggetti terzi, sei comunque responsabile per tutti gli atti compiuti. Se perdi il controllo della tua password, potresti perdere il controllo delle informazioni personali che ti riguardano e potrebbero essere compiute per tuo conto delle azioni vincolanti. Quindi, se per qualsiasi ragione la tua password risulta compromessa, modificala immediatamente.<\/p>\n<h2>I cookies<\/h2>\n<p>Su alcune pagine di B4 vengono utilizzati metodi di raccolta automatica di dati, come ad esempio i &#8220;cookies&#8221;. Si tratta di piccole parti di testo inviate sul disco rigido. L&#8217;uso dei cookies rende pi\u00f9 efficiente l&#8217;uso di Internet , una delle ragioni per cui si utilizzano \u00e8 che questi permettono di digitare la password meno frequentemente durante una stessa sessione di navigazione autenticata sulle pagine di B4 .La maggior parte dei cookies sono &#8220;session cookies&#8221;, automaticamente cancellati alla fine di ciascuna sessione, salvo alcune tipologie degli stessi che vengono, invece, salvati sul disco fisso e che possono essere letti solo dal server che li ha archiviati precedentemente. Essi identificano solo anonimamente l&#8217;indirizzo IP del computer, non salvano informazioni personali come per esempio il nome dell&#8217;Utente. L&#8217;Utente avr\u00e0 la possibilit\u00e0 di accettare tutti i cookies, di essere informato sull&#8217;impiego di un cookie o di non accettare l&#8217;impiego di tutti i cookies; nel caso in cui venissero rifiutati la qualit\u00e0 delle pagine del Sito B4 potrebbe essere ridotta.<\/p>\n<h2>Promozioni, giochi e concorsi a premi<\/h2>\n<p>Puoi partecipare alle promozioni, ai giochi e concorsi di B4, organizzati e gestiti anche con l&#8217;ausilio di societ\u00e0 partner. Una parte, o tutto l&#8217;insieme, dei dati raccolti nel corso della promozione o del concorso possono essere condivisi con sponsor o terze parti. In tal caso, sarai informato prima della raccolta o del trasferimento dei dati stessi, sul forum di partecipazione contenente il Regolamento di concorso o relativo alla promozione che dovrai espressamente accettare. Potrebbero esserti richiesti dati personali ulteriori; dovrai inoltre rispondere ad alcune domande, alcune delle quali potrebbero essere facoltative. In caso di concorsi a premi ed estrazioni varie, i nominativi dei vincitori saranno pubblicati sul Sito B4 ovvero oggetto di pubblicit\u00e0 attraverso i media ( giornali, magazine).<\/p>\n<h2>Prodotti e Servizi del sito B4<\/h2>\n<p>Sul sito di B4 potranno essere disponibili nuovi Prodotti e Servizi finalizzati anche ad incontri di opinioni, scambi di messaggistica (SMS, MMS, chat, etc.) sulle tematiche di volta in volta proposte. Per l&#8217;accesso e l&#8217;utilizzo di tali Prodotti e Servizi, si rinvia agli specifici Regolamenti che accompagneranno le modalit\u00e0 di utilizzo degli stessi. B4 ti d\u00e0 la possibilit\u00e0 di utilizzare i Prodotti e Servizi disponibili sul sito (forum, chat ed altro)utilizzando un nickname al fine di salvaguardare la tua riservatezza. Questa opportunit\u00e0 non esclude che tu possa decidere di rendere noti i tuoi dati personali nell&#8217;ambito dei citati prodotti e Servizi: ti preghiamo di essere sempre prudente nel rendere noti i tuoi dati personali, poich\u00e9 riservatezza e responsabilit\u00e0 sono sempre necessarie quando si \u00e8 su Internet.<\/p>\n","protected":false},"excerpt":{"rendered":"<p>Informativa Privacy ai Sensi del D.Lgs. N. 196\/2003 Gentile cliente, ti informiamo che B4 rispetta rigorosamente le disposizioni relative alla riservatezza dei dati personali richiesti per poter utilizzare i servizi offerti sul sito www.800b4.it e\/o sul portale mobile (poi indicati indistintamente come Sito o Sito B4). Di seguito, sono fornite alcune informazioni sulla tipologia dei [&hellip;]<\/p>\n","protected":false},"author":2,"featured_media":0,"parent":0,"menu_order":0,"comment_status":"closed","ping_status":"open","template":"","meta":{"footnotes":""},"class_list":["post-5476","page","type-page","status-publish","hentry"],"_links":{"self":[{"href":"https:\/\/www.b4tlc.it\/en\/wp-json\/wp\/v2\/pages\/5476\/"}],"collection":[{"href":"https:\/\/www.b4tlc.it\/en\/wp-json\/wp\/v2\/pages\/"}],"about":[{"href":"https:\/\/www.b4tlc.it\/en\/wp-json\/wp\/v2\/types\/page\/"}],"author":[{"embeddable":true,"href":"https:\/\/www.b4tlc.it\/en\/wp-json\/wp\/v2\/users\/2\/"}],"replies":[{"embeddable":true,"href":"https:\/\/www.b4tlc.it\/en\/wp-json\/wp\/v2\/comments\/?post=5476"}],"version-history":[{"count":1,"href":"https:\/\/www.b4tlc.it\/en\/wp-json\/wp\/v2\/pages\/5476\/revisions\/"}],"predecessor-version":[{"id":5478,"href":"https:\/\/www.b4tlc.it\/en\/wp-json\/wp\/v2\/pages\/5476\/revisions\/5478\/"}],"wp:attachment":[{"href":"https:\/\/www.b4tlc.it\/en\/wp-json\/wp\/v2\/media\/?parent=5476"}],"curies":[{"name":"wp","href":"https:\/\/api.w.org\/{rel}","templated":true}]}}