{"id":5471,"date":"2019-03-16T08:18:19","date_gmt":"2019-03-16T07:18:19","guid":{"rendered":"https:\/\/www.b4tlc.it\/?page_id=5471"},"modified":"2019-03-16T11:38:58","modified_gmt":"2019-03-16T10:38:58","slug":"hotline-how-it-work","status":"publish","type":"page","link":"https:\/\/www.b4tlc.it\/en\/hotline-how-it-work\/","title":{"rendered":"Hotline: how it work"},"content":{"rendered":"<h2><img loading=\"lazy\" decoding=\"async\" class=\"alignright size-medium wp-image-5417\" src=\"http:\/\/34.154.89.188\/wp-content\/uploads\/2018\/11\/numero-verde-300x200.jpg\" alt=\"numero verde\" width=\"300\" height=\"200\" srcset=\"https:\/\/www.b4tlc.it\/wp-content\/uploads\/2018\/11\/numero-verde-300x200.jpg 300w, https:\/\/www.b4tlc.it\/wp-content\/uploads\/2018\/11\/numero-verde.jpg 500w\" sizes=\"auto, (max-width: 300px) 100vw, 300px\" \/>Come funziona?<\/h2>\n<p>Il servizio di numero verde offerto da B4, \u00e8 un servizio di successo che opera da molti anni nel settore delle telecomunicazioni offrendo servizi telefonici a cui molte aziende italiane danno ormai consolidata fiducia. <strong>Il numero verde non prevede l&#8217;installazione di nuove linee telefoniche<\/strong>, ma le chiamate vengono automaticamente trasferite ad un numero di rete fissa o mobile che continuer\u00e0 a ricevere anche telefonate dirette.<\/p>\n<p><img loading=\"lazy\" decoding=\"async\" class=\"alignleft size-full wp-image-5422\" src=\"http:\/\/34.154.89.188\/wp-content\/uploads\/2018\/11\/numerazione1.jpg\" alt=\"\" width=\"471\" height=\"167\" srcset=\"https:\/\/www.b4tlc.it\/wp-content\/uploads\/2018\/11\/numerazione1.jpg 471w, https:\/\/www.b4tlc.it\/wp-content\/uploads\/2018\/11\/numerazione1-300x106.jpg 300w\" sizes=\"auto, (max-width: 471px) 100vw, 471px\" \/>Con il trasferimento di chiamata potrai finalmente avere un<strong> servizio flessibile e affidabile per gestire le chiamate dall&#8217;ufficio, casa o cellulare<\/strong>. In questo modo \u00e8 possibile far pervenire le chiamate del numero verde a diversi numeri di telefono durante l&#8217;arco della stessa giornata a seconda delle esigenze. E&#8217; possibile impostare il trasferimento di chiamata in ufficio, al telefono cellulare, alla casella vocale della segreteria telefonica o a un messaggio vocale precedentemente registrato e personalizzato secondo le necessit\u00e0.<\/p>\n<p>Per ogni trasferimento di chiamata \u00e8 possibile inserire diverse combinazioni di numeri di telefono in modo da non perdere neanche una telefonata.<br \/>\nIl sistema infatti \u00e8 predisposto in modo che entro un certo numero di squilli a vuoto, automaticamente la chiamata viene indirizzata al numero successivo che trova attivo nella sua configurazione.<\/p>\n<h2>Tutto le informazioni sul Numero Verde:<\/h2>\n<div class=\"container theme1\" style=\"width:100%; height:auto\"><ul class=\"responsive-accordion responsive-accordion-default bm-larger\"><li><div class=\"responsive-accordion-head\" style=\"background-color:\"><span style=\"color:;font-size:15px\">Caratteristiche del servizio<\/span><i class=\"fa fa-chevron-down responsive-accordion-plus fa-fw\"><\/i><i class=\"fa fa-chevron-up responsive-accordion-minus fa-fw\"><\/i><\/div><div class=\"responsive-accordion-panel\"style=\"background-color:;padding:12px;color:;font-size:14px\"><p>Il servizio di numero verde b4 non ha nessun costo fisso. I costi sono estremamente trasparenti: nessun costo di attivazione, nessun abbonamento, nessun canone mensile e nessun obbligo di rinnovo contrattuale. Per ricaricare il credito non c'\u00e8 nessun costo aggiuntivo.<\/p>\n<h6>Attivazione e Configurazione GRATIS in tempo reale.<\/h6>\n<p>L'attivazione del numero verde \u00e8 immediata se il pagamento viene effettuato con carta di credito, mentre se viene effettuato un bonifico bancario, l'attivazione \u00e8 contestuale alla ricezione del versamento.<br \/>\nDal momento dell'attivazione \u00e8 possibile utilizzare subito il numero verde e ricevere telefonate; si dovr\u00e0 solo accedere al Pannello di Controllo per configurare al meglio il servizio.<\/p>\n<h6>Numeri di facile memorizzazione<\/h6>\n<p>Tutti i numeri verdi che il nostro servizo offre, garantiscono una facile memorizzazione, fondamentale per promuovere il brand, l'assistenza clienti e aumentare il proprio business.<\/p>\n<h6>Servizio ricaricabile<\/h6>\n<p>Il servizio di numero verde \u00e8 ricaricabile in ogni momento, 24 ore su 24, 7 giorni su 7.<br \/>\nNon ci sono costi fissi: attivazione gratuita, nessun abbonamento, nessun canone mensile e si paga solo il costo delle telefonate che si ricevono.<br \/>\nE' possibile effettuare una ricarica immediata con carta di credito dall'Area Riservata ai clienti e ad ogni ricarica eseguita si rinnova il servizio di un anno.<\/p>\n<h6>Facile gestione<\/h6>\n<p>Tramite il pannello di controllo nell'Area Riservata clienti \u00e8 possibile controllare il credito, effettuare ricariche e controllare il traffico delle chiamate (data, ora, durata e numero chiamata).<\/p>\n<h6>Blocco di numeri indesiderati e chiamanti anonimi<\/h6>\n<p>L'opzione di blocco chiamate consente di bloccare le numerazioni di telefonia mobile, alcuni prefissi cellulari e\/o geografici da cui non si desidera ricevere telefonate e selezionare singole numerazioni da inserire nella black list.<\/p>\n<h6>Segreteria telefonica e messaggi vocali<\/h6>\n<p>I messaggi registrati dalla segreteria telefonica verranno inviati come file audio allegato all'indirizzo email che verr\u00e0 indicato nel Pannello di Controllo al momento della configurazione.<br \/>\nIn ogni attivazione sono inclusi i servizi di messaggi vocali (non disponibilit\u00e0, attesa se occupato, segreteria telefonica...), la loro personalizzazione ha un costo aggiuntivo.<\/p>\n<\/div><\/li><li><div class=\"responsive-accordion-head\" style=\"background-color:\"><span style=\"color:;font-size:15px\">Costi<\/span><i class=\"fa fa-chevron-down responsive-accordion-plus fa-fw\"><\/i><i class=\"fa fa-chevron-up responsive-accordion-minus fa-fw\"><\/i><\/div><div class=\"responsive-accordion-panel\"style=\"background-color:;padding:12px;color:;font-size:14px\"><p>Il costo della chiamate sono calcolate al minuto e varia a seconda del dispositivo chiamante e di quello ricevente (fisso o cellulare).<\/p>\n<p>Le tariffe sono calcolate con scatto alla risposta e minuto anticipato.<\/p>\n<table border=\"0\" cellspacing=\"0\" cellpadding=\"0\">\n<tbody>\n<tr>\n<th>Telefono chiamante<\/th>\n<th>Telefono ricevente<\/th>\n<th class=\"ult\">Costi<\/th>\n<\/tr>\n<tr>\n<td>Da Fisso<\/td>\n<td>A Fisso<\/td>\n<td>4 cent\/min<\/td>\n<\/tr>\n<tr>\n<td>Da Fisso<\/td>\n<td>A Cellulare<\/td>\n<td>33 cent\/min<\/td>\n<\/tr>\n<tr>\n<td>Da Cellulare<\/td>\n<td>A Fisso<\/td>\n<td>33 cent\/min<\/td>\n<\/tr>\n<tr>\n<td>Da Cellulare<\/td>\n<td>A Cellulare<\/td>\n<td>65 cent\/min<\/td>\n<\/tr>\n<\/tbody>\n<\/table>\n<p>I costi in tabella si intendono IVA esclusa<br \/>\nLe tariffe sopra indicate sono valide in tutto l'arco delle 24 ore.<\/p>\n<p>Scatto alla risposta 5 cent per chiamate da rete fissa e 10 cent per chiamate da rete mobile.<\/p>\n<p><a class=\"button\" href=\"https:\/\/34.154.89.188\/numero-verde-tariffe-allestero\/\">Tariffe all'Estero<\/a><\/p>\n<\/div><\/li><li><div class=\"responsive-accordion-head\" style=\"background-color:\"><span style=\"color:;font-size:15px\">Domande frequenti<\/span><i class=\"fa fa-chevron-down responsive-accordion-plus fa-fw\"><\/i><i class=\"fa fa-chevron-up responsive-accordion-minus fa-fw\"><\/i><\/div><div class=\"responsive-accordion-panel\"style=\"background-color:;padding:12px;color:;font-size:14px\"><h6>Come capisco che il credito del numero verde si sta esaurendo?<\/h6>\n<p>Quando il credito raggiunge una certa soglia sar\u00e0 inviata una mail di allerta, con la quale si avvisa del credito quasi terminato.<\/p>\n<h6>Come funziona un numero verde?<\/h6>\n<p>Un numero verde non \u00e8 una linea telefonica indipendente.<br \/>\nLa chiamata a un numero verde viene trasferita a un altro numero tradizionale (di rete fissa o mobile), che continua a ricevere anche le chiamate dirette.<br \/>\nPer attivare un numero verde, quindi, non \u00e8 necessario installare una nuova linea telefonica e nemmeno dedicarne una in esclusiva.<\/p>\n<h6>Posso bloccare le chiamate da determinati prefissi geografici?<\/h6>\n<p>S\u00ec, si possono bloccare le chiamate provenienti dai prefissi geografici dal Pannello di Controllo del mio numero verde.<\/p>\n<h6>Posso bloccare le chiamate provenienti dai cellulari?<\/h6>\n<p>Si, le chiamate dalla telefonia mobile si possono bloccare tramie Pannello di Controllo.<\/p>\n<h6>Posso ricevere chiamate dall'estero?<\/h6>\n<p>S\u00ec, puoi ricevere le chiamate sia a un numero fisso che a un cellulare internazionale.<br \/>\nSi possono inoltre sempre ricevere le chiamate a un cellulare italiano all\u2019estero. In questo caso si applicano le tariffe italiane pi\u00f9 i costi di roaming internazionale previsti dal piano tariffario del tuo operatore di telefonia mobile.<br \/>\nSe si vuole instradare un numero verde su un numero internazione, il servizio pu\u00f2 essere attivato solo inviandoci una mail all'indirizzo <a href=\"mailto:info@34.154.89.188\">info@34.154.89.188<\/a><\/p>\n<h6>Posso visualizzare il numero di chi mi chiama?<\/h6>\n<p>S\u00ec, la visualizzazione del numero di chi chiama \u00e8 un opzione attivabile gratuitamente e si pu\u00f2 scegliere di attivare quest\u2019opzione durante la procedura di attivazione del numero verde.<br \/>\nQuesta opzione, se non attivata durante la procedura di prima configurazione, non \u00e8 possibile attivare autonomamente nel Pannello di Controllo.<br \/>\nSe si apportano modifiche ai parametri di configurazione del Pannello di Controllo verr\u00e0 automaticamente disattivata la visualizzazione del numero del chiamante.<br \/>\nPer poterla riattivare \u00e8 necessario contattare il nostro servizio clienti tramite email <a href=\"mailto:info@34.154.89.188\">info@34.154.89.188<\/a><\/p>\n<h6>Quali sono le caratteristiche di un numero verde ricaricabile?<\/h6>\n<p>Un numero verde ricaricabile funziona esattamente come un numero verde tradizionale, ma ha i vantaggi di un piano tariffario ricaricabile che non ha costi di abbonamento.<br \/>\nDopo aver attivato il numero verde scelto tra le nostre offerte e aver effettuato la prima ricarica, si possono ricevere ricevere telefonate fino a quando l\u2019importo ricaricato non si esaurisce.\u00a0 Il credito potr\u00e0 essere ricaricato in qualsiasi momento dall\u2019Area Riservata on-line.<\/p>\n<h6>Quando ricevo il numero verde, \u00e8 gi\u00e0 attivo?<\/h6>\n<p>S\u00ec, il numero verde viene inviato una volta ricevuto il pagamento ed \u00e8 immediatamente attivo.<br \/>\nDeve essere solo configurato tramite il Pannello di Controllo on line nell'Area Riservata a cui si pu\u00f2 accedere con Login e Password, dati che vengono inviati insieme al numero verde.<\/p>\n<\/div><\/li><li><div class=\"responsive-accordion-head\" style=\"background-color:\"><span style=\"color:;font-size:15px\">Messaggi vocali<\/span><i class=\"fa fa-chevron-down responsive-accordion-plus fa-fw\"><\/i><i class=\"fa fa-chevron-up responsive-accordion-minus fa-fw\"><\/i><\/div><div class=\"responsive-accordion-panel\"style=\"background-color:;padding:12px;color:;font-size:14px\"><h6>Un plus per i vostri servizi<\/h6>\n<p>La registrazione di messaggi vocali offre alla propria azienda un'immagine di alto livello e migliorandone l'immagine di qualit\u00e0.<\/p>\n<h6>Descrizione dei messaggi vocali<\/h6>\n<p><strong>Il messaggio di benvenuto<\/strong> \u00e8 molto importante in quanto \u00e8 l'impatto che il cliente ha con l'azienda.<br \/>\nConsente di presentare l'azienda o il servizio comunicando anche informazioni come il costo gratuito della chiamata.<\/p>\n<p><strong>Il Messaggio di Attesa<\/strong> viene inserito quanto le linee sono temporaneamente occupate, pregando il cliente di attendere il primo operatore che si libera.<br \/>\nLe aziende utilizzando il messaggio di attesa anche per comunicazioni pubblicitarie e di marketing come la promozione di novit\u00e0 e di offerte commerciali.<\/p>\n<p><strong>Messaggio di non disponibile<\/strong> comunica al cliente la disattivazione momentanea del servizi, invitando a richiamare in determinati giorni o fasce orarie.<\/p>\n<p><strong>Messaggio di segreteria telefonica<\/strong> si avvia automaticamente quando la chiamata viene trasferita alla segreteria telefonica.<br \/>\nIn questo caso si pul richiedere al chiamante di lasciare i propri dati oppure consigliandogli di visitare il proprio sito web.<br \/>\nNel caso in cui viene lasciato un messaggio vocale, quest'ultimo verr\u00e0 inviato alla casella di posta elettronica registrata nel pannello di controllo.<\/p>\n<p><strong>L'avviso di chiamata<\/strong> serve invece ad avvertire l'arrivo di una chiamata al numero verde che verr\u00e0 ascoltato dal \u201cricevente\u201d.<\/p>\n<h6>Costo dei messaggi<\/h6>\n<p>I messaggi possono essere standard o personalizzati di seguito la tabella dei costi.<\/p>\n<\/div><\/li><li><div class=\"responsive-accordion-head\" style=\"background-color:\"><span style=\"color:;font-size:15px\">Gestione chiamate IVR<\/span><i class=\"fa fa-chevron-down responsive-accordion-plus fa-fw\"><\/i><i class=\"fa fa-chevron-up responsive-accordion-minus fa-fw\"><\/i><\/div><div class=\"responsive-accordion-panel\"style=\"background-color:;padding:12px;color:;font-size:14px\"><h2>Caratteristiche del servizio<\/h2>\n<p>La soluzione di gestione IVR \u00e8 stata studiata per offrire un servizio di gestione chiamate in entrata tramite operatore sintetico.<br \/>\nTramite questo servizio \u00e8 possibile creare un'ottima integrazione tra comunicazione automatiche e servizi telefonici tradizionali. 800 b4 con l'opzione aggiuntiva di gestione chiamate IVR offre un avanzato sistema di suddivisione e instradamento delle chiamate in totale automazione.<br \/>\nE' possibile programmare il flusso delle chiamate IVR pianificando le risposte in modo specifico per rispondere con precisione a determinate funzioni. In questo modo \u00e8 possibile creare operatori sintetici ad hoc per servizi che consentono, ad esempio, la selezione di una lingua, la richiesta di codici, menu con differenti scelte, la lettura numeri e le composizioni testuali.<\/p>\n<h6>Il valore aggiunto di IVR 800b4<\/h6>\n<p>Con il servizio IVR 800b4 si avr\u00e0 la possibilit\u00e0 di gestire le chiamate IVR per servizi che comprendono:<\/p>\n<ul>\n<li>autenticazione clienti<\/li>\n<li>telelettura contatori<\/li>\n<li>concrosi e gare a premio<\/li>\n<li>richiesta informazioni (orari, indirizzi, date eventi..).<br \/>\nE' possibile istruire il sistema a rispondere a informazioni tramite interazione con applicativi esterni come nel caso di tracking del pacco, stato di riparazione o previsioni meteo.<\/li>\n<\/ul>\n<h6>Vantaggi<\/h6>\n<p>Per chi decide di utilizzare la soluzione di gestione chiamate IVR di 800 b4, i vantaggi sono molti. Se scegli di usare la gestione IVR non dovrai installare nessun software o hardware e non verr\u00e0 alterata la rete o modificato l'operatore telefonico esistente. I tempi di attesa per i clienti saranno ridotti e ci\u00f2 porter\u00e0 a una migliore produttivit\u00e0 aziendale e a un alto livello di soddisfazione degli acquirenti.<br \/>\nLa gestione delle chiamate sar\u00e0 ottimizzata per accrescere la produzione aziendale con semplici azioni automatizzate, come l'instradazione delle chiamate direttamente all'interno competente (riducendo al minimo il coinvolgimento di persone esterne all'esigenze del cliente) e l'uso di messaggi vocali personalizzati in maniera chiara e univoca (quindi senza richiedere il coinvolgimento di persone fisiche interne).<br \/>\nIl nostro servizio \u00e8 ampiamente personalizzabile a seconda delle singole esigenze di ogni cliente, implementando perfettamente il buisness e le richieste in modo completo ed efficiente.<br \/>\nE' possibile infatti attivare, aumentare e personalizzare a seconda delle fasce orarie le impostazioni degli operatori sintetici con menu, nodi e soluzioni molto flessibili.<\/p>\n<h6>Specifiche tecniche<\/h6>\n<p>Come spiegato nei vantaggi, \u00e8 possibile implementare, modificare e adattare il sistema di gestione IVR in base ai giorni della settimana e alle fasce orarie. In questo modo sar\u00e0 possibile estendere gli orari del proprio buisness rispondendo in maniera accurata a tutte le esigenze.<br \/>\nIl flusso IVR, denominato anche albero a cascata, ha molteplici nodi (ognuno con caratteristiche e peculiarit\u00e0 proprie) che \u00e8 possibile porgrammare per agire con determinati comportamenti.<br \/>\nNello specifico, ogni nodo \u00e8 portatore di una funzione e come esito ha il passaggio della richiesta ad un altro nodo, voce del menu o servizio finale.<\/p>\n<h6>Costo<\/h6>\n<p>Il servizio di gestione IVR non ha costi aggiuntivi.<br \/>\nE' un servizio gratuito che 800 b4 mette a disposizione per chi, dopo aver acquistato un numero 800 b4, desidera implementare la qualit\u00e0 della numerazione verde.<\/p>\n<\/div><\/li><\/ul><\/div>\n<h2>Servizio Verde Fax 800<\/h2>\n<h6>Caratteristiche del servizio<\/h6>\n<p>Con il nostro servizio di Fax 800 potrai assicurarti un prodotto di qualit\u00e0 ideale per ricevere fax direttamente sul tuo PC. Per chi acquista un numero verde 800 b4 ricaricabile \u00e8 possibile attivare Fax 800; in questo modo si potranno ricevere fax in qualsiasi momento, anche fuori dall&#8217;ufficio, in allegato, direttamente nella propria casella di posta elettronica. Fax 800 b4 \u00e8 un innovativo servizio a basso impatto ambientale, comodo e personalizzabile a seconda delle esigenze del cliente. Accresci qualitativamente l&#8217;immagine della tua azienda e assicura un numero verde gratuito a cui i clienti potranno fare sempre affidamento.<\/p>\n<h6>Vantaggi<\/h6>\n<p>Fax 800 \u00e8 l&#8217;innovativa soluzione, ideale per chi vuole comodamente ricevere i fax direttamente nella casella di posta elettronica senza dover installare alcun apparecchio o linea telefonica. Per chi attiva questo servizio, il mondo dei vantaggi \u00e8 infinito:<\/p>\n<ul>\n<li><strong>Sicuro<\/strong><br \/>\nI fax arrivano solo nella casella indicata nelle impostazioni del servizio garantendo il massimo della privacy.<\/li>\n<li><strong>Pratico<br \/>\n<\/strong>Nessun avviso di toner terminato, inceppamento carta, linee guaste o intasate.<br \/>\nIl numero di fax non risulter\u00e0 mai occupato e sar\u00e0 possibile ricevere fax multipli.<\/li>\n<li><strong>Semplice<br \/>\n<\/strong>I fax vengono ricevuti nella casella di posta elettronica e possono essere gestiti come tutti gli altri messaggi email: leggere, cancellare, archiviare, modificare e inoltrare.<\/li>\n<li><strong>Mobile<br \/>\n<\/strong>Potrai ricevere i fax 800 b4 ovunque hai una connessione internet, direttamente nella casella di posta elettronica o tramite smartphone (iPhone, Blackberry&#8230;)<\/li>\n<li><strong>Ecologico<br \/>\n<\/strong>Potrai finalmente evitare montagne di carta, lo smaltimento di toner (nessuna cartuccia per stampare) e un elevato risparmio di energia.<br \/>\nFax 800 b4 \u00e8 un servizio ecologico che salvaguarda l&#8217;ambiente e riduce drasticamente lo spreco di toner e carta.<\/li>\n<\/ul>\n<h6>Specifiche tecniche<\/h6>\n<p>Con il fax 800 b4 sar\u00e0 impossibile avere la linea occupata e si potranno ricevere illimitati fax contemporaneamente.<br \/>\nIl documento verr\u00e0 recapitato in formato TIFF o PDF, lontano da sguardi indiscreti e potr\u00e0 essere comodamente condiviso con il team tramite email, controllato, corretto e inoltrato in tre semplici click.<\/p>\n<p>E&#8217; possibile inoltre configurare una pagina di intestazione (cover page), archiviare i fax ricevuti, raggruppare i contatti e rispondere al cliente direttamente dal web.<\/p>\n<h6>Costi<\/h6>\n<table border=\"0\" cellspacing=\"0\" cellpadding=\"0\">\n<tbody>\n<tr>\n<th>Telefono chiamante<\/th>\n<th>Telefono ricevente<\/th>\n<th class=\"ult\">Costi<\/th>\n<\/tr>\n<tr>\n<td>Da Fisso<\/td>\n<td>A Fisso<\/td>\n<td>4 cent\/min<\/td>\n<\/tr>\n<tr>\n<td>Da Fisso<\/td>\n<td>A Cellulare<\/td>\n<td>33 cent\/min<\/td>\n<\/tr>\n<tr>\n<td>Da Cellulare<\/td>\n<td>A Fisso<\/td>\n<td>33 cent\/min<\/td>\n<\/tr>\n<tr>\n<td>Da Cellulare<\/td>\n<td>A Cellulare<\/td>\n<td>65 cent\/min<\/td>\n<\/tr>\n<\/tbody>\n<\/table>\n<p>I costi in tabella si intendono IVA esclusa<br \/>\nLe tariffe sopra indicate sono valide in tutto l&#8217;arco delle 24 ore.<\/p>\n<p><strong>Scatto alla risposta:<\/strong><\/p>\n<p>5 cent per chiamate da rete fissa e 10 cent per chiamate da rete mobile.<\/p>\n<p><a class=\"button\" href=\"https:\/\/34.154.89.188\/numero-verde-tariffe-allestero\/\">Tariffe all&#8217;Estero<\/a><\/p>\n","protected":false},"excerpt":{"rendered":"<p>Come funziona? Il servizio di numero verde offerto da B4, \u00e8 un servizio di successo che opera da molti anni nel settore delle telecomunicazioni offrendo servizi telefonici a cui molte aziende italiane danno ormai consolidata fiducia. Il numero verde non prevede l&#8217;installazione di nuove linee telefoniche, ma le chiamate vengono automaticamente trasferite ad un numero [&hellip;]<\/p>\n","protected":false},"author":2,"featured_media":0,"parent":0,"menu_order":0,"comment_status":"closed","ping_status":"closed","template":"page-servizi-generica.php","meta":{"footnotes":""},"class_list":["post-5471","page","type-page","status-publish","hentry"],"_links":{"self":[{"href":"https:\/\/www.b4tlc.it\/en\/wp-json\/wp\/v2\/pages\/5471\/"}],"collection":[{"href":"https:\/\/www.b4tlc.it\/en\/wp-json\/wp\/v2\/pages\/"}],"about":[{"href":"https:\/\/www.b4tlc.it\/en\/wp-json\/wp\/v2\/types\/page\/"}],"author":[{"embeddable":true,"href":"https:\/\/www.b4tlc.it\/en\/wp-json\/wp\/v2\/users\/2\/"}],"replies":[{"embeddable":true,"href":"https:\/\/www.b4tlc.it\/en\/wp-json\/wp\/v2\/comments\/?post=5471"}],"version-history":[{"count":1,"href":"https:\/\/www.b4tlc.it\/en\/wp-json\/wp\/v2\/pages\/5471\/revisions\/"}],"predecessor-version":[{"id":5504,"href":"https:\/\/www.b4tlc.it\/en\/wp-json\/wp\/v2\/pages\/5471\/revisions\/5504\/"}],"wp:attachment":[{"href":"https:\/\/www.b4tlc.it\/en\/wp-json\/wp\/v2\/media\/?parent=5471"}],"curies":[{"name":"wp","href":"https:\/\/api.w.org\/{rel}","templated":true}]}}