{"id":5463,"date":"2019-03-16T08:12:04","date_gmt":"2019-03-16T07:12:04","guid":{"rendered":"https:\/\/www.b4tlc.it\/?page_id=5463"},"modified":"2019-03-16T08:12:04","modified_gmt":"2019-03-16T07:12:04","slug":"fax-mail","status":"publish","type":"page","link":"https:\/\/www.b4tlc.it\/en\/fax-mail\/","title":{"rendered":"Fax Mail"},"content":{"rendered":"<h2>Come funziona?<\/h2>\n<p><span class=\"tx\">Fax Server Mail \u00e8 un\u00a0<strong>Servizio Fax\u00a0<\/strong>virtuale che consente di inviare e ricevere Fax, senza la necessit\u00e0 di disporre di dispositivi Fax.<br \/>\nPer utilizzare questo servizio \u00e8 necessario disporre esclusivamente di:<\/span><\/p>\n<ul>\n<li><span class=\"tx\">una casella di posta elettronica;<\/span><\/li>\n<li>una numerazione b4Fax attiva e configurata (l&#8217;attivazione \u00e8 gratuita);<\/li>\n<\/ul>\n<p><span class=\"tx\">In questo modo, con Fax Server Mail, si possono facilmente inviare fax utilizzando modalit\u00e0 di invio dal web o da casella elettronica privata e riceverli nella propria mail al riparo da sguardi indiscreti.<\/span><\/p>\n<div class=\"container theme1\" style=\"width:100%; height:auto\"><ul class=\"responsive-accordion responsive-accordion-default bm-larger\"><li><div class=\"responsive-accordion-head\" style=\"background-color:\"><span style=\"color:;font-size:15px\">Caratteristiche del servizio<\/span><i class=\"fa fa-chevron-down responsive-accordion-plus fa-fw\"><\/i><i class=\"fa fa-chevron-up responsive-accordion-minus fa-fw\"><\/i><\/div><div class=\"responsive-accordion-panel\"style=\"background-color:;padding:12px;color:;font-size:14px\"><p><span class=\"tx\">La scelta del nostro servizio Fax Server Mail ti far\u00e0 accedere a un mondo ricco di qualit\u00e0 e convenienza:<br \/>\n<\/span><\/p>\n<h6>Economico<\/h6>\n<ul>\n<li>stampi solo i fax che desideri;<\/li>\n<li>risparmio di carta e inchiostro;<\/li>\n<li>Risparmio sulla linea telefonica;<\/li>\n<li>Nessuna spesa per acquisto di apparecchi fax;<\/li>\n<li>Nessun programma da installare;<\/li>\n<\/ul>\n<h6>Ecologico<\/h6>\n<ul>\n<li>Molta meno carta da stampare,<\/li>\n<li>Archivio digitale (non perdi pi\u00f9 un fax)<\/li>\n<li>Nessuna cartuccia d'inchiostro<\/li>\n<li>Risparmio di elettricit\u00e0<\/li>\n<li>Nessun materiale da riciclare<\/li>\n<\/ul>\n<h6>Mobile<\/h6>\n<ul>\n<li>\u00c9 accessibile da casa, dall\u2019ufficio, ovunque vi sia internet<\/li>\n<li>Ricevi i fax direttamente al tuo indirizzo email<\/li>\n<li>Ricevi i fax direttamente sul tuo cellulare (iPhone, Blackberry ...)<\/li>\n<\/ul>\n<h6>Riservato<\/h6>\n<ul>\n<li>I fax arrivano nella tua casella di posta elettronica, al riparo da sguardi indiscreti nel rispetto della tua privacy.<\/li>\n<\/ul>\n<\/div><\/li><li><div class=\"responsive-accordion-head\" style=\"background-color:\"><span style=\"color:;font-size:15px\">Domande frequenti<\/span><i class=\"fa fa-chevron-down responsive-accordion-plus fa-fw\"><\/i><i class=\"fa fa-chevron-up responsive-accordion-minus fa-fw\"><\/i><\/div><div class=\"responsive-accordion-panel\"style=\"background-color:;padding:12px;color:;font-size:14px\"><h6>Che cos'\u00e8 l'indirizzo abilitato all'invio? A cosa serve?<\/h6>\n<p>L'indirizzo abilitato all'invio \u00e8 un indirizzo email definito dall'utente al momento dell'iscrizione che servir\u00e0 per inviare i fax.<\/p>\n<h6>Come effettuare invii multipli?<\/h6>\n<p>Puoi anche inviare lo stesso messaggio a pi\u00f9 destinatari fax in un unica operazione: basta inserire tutti i numeri di fax ognuno seguito da @fax.b4tc.it come in questo esempio:<br \/>\nnumero@fax.b4tlc.it, 06955455000@fax.b4tlc.it, 06XXXXXXXX@fax.b4tlc.it<\/p>\n<p>Il sistema fax di B4 ti risponder\u00e0 nel giro di qualche minuto con un messaggio di presa in carico per ogni destinatario, e successivamente con una notifica sulla consegna del fax.<\/p>\n<h6>Come faccio a sapere che il mio credito \u00e8 in esaurimento?<\/h6>\n<p>Quando il credito raggiunge una soglia prestabilita verr\u00e0 automaticamente inviata una mail di notifica: \"credito in esaurimento\".<\/p>\n<h6>Come posso avere assistenza per i servizi Fax B4?<\/h6>\n<p>Gli utenti dei servizi Easy Fax, Fax Starter e Pro Fax posso ricevere specifica assistenza tramite posta elettronica.<\/p>\n<h6>Come utilizzare il servizio B4 Fax Server?<\/h6>\n<p>Puoi inviare fax tramite la tua posta elettronica o direttamente dal sito b4 nell'<a href=\"https:\/\/customers.b4tlc.it\/application\/B4tlc\/index.php?r=fax\/txsend&amp;idmenu=87\" target=\"_blank\" rel=\"noopener\">Area Riservata in questa pagina<\/a>.<br \/>\nIn questo caso basta comporre un messaggio di posta elettronica, indirizzato al numero di telefono del destinatario, seguito da @fax.b4tlc.it<br \/>\nAd esempio, per inviare un fax al numero 0248026819 dovrai comporre un messaggio di posta elettronica indirizzato a:<br \/>\n0248026819@fax.B4.it<\/p>\n<p>Il sistema fax di B4 ti risponder\u00e0 nel giro di qualche minuto con un messaggio di presa in carico per ogni destinatario, e successivamente con una notifica sulla consegna del fax.<\/p>\n<h6>Di cosa ho bisogno per attivare il servizio Fax Service Mail?<\/h6>\n<p>Per accedere al servizio di b4 Fax Service Mail sono necessarie:<\/p>\n<ul>\n<li>Una connessione internet;<\/li>\n<li>Una casella di posta elettronica;<\/li>\n<li>Un programma per leggere le mail (si ricordano solo alcuni come: Outlook Express, Eudora, Mozilla Thunderbird...)<\/li>\n<li>Un programma per visualizzare gli allegati in formato pdf.<\/li>\n<li>Attivazione del servizio Fax Service Mail.<\/li>\n<\/ul>\n<h6>E' possibile effettuare la portabilit\u00e0 del proprio numero al servizio Fax Service Mail b4?<\/h6>\n<p>Si, \u00e8 possibile effettuare la portabilit\u00e0 del proprio numero fax aderendo ai servizi b4. Si deve essere per\u00f2 in possesso del Codice di Migrazione rilasciato dall'attuale operatore di telefonia fissa del numero a cui \u00e8 dedicato il fax.<br \/>\nLa richiesta deve essere fatta dall'intestatario della linea telefonica e tutte le bollette devono risultare pagate.<br \/>\nMaggiore \u00e8 l'esattezza delle informazioni fornite e pi\u00f9 veloce e corretta risulter\u00e0 la migrazione al nostro servizio di Fax Service Mail b4. Si ricorda che con la portabilit\u00e0 al servizio di b4 decadranno tutti i servizi correlati alla linea telefonica a cui era dedicato il fax.<\/p>\n<h6>E' possibile modificare l'indirizzo mail da cui inviare i fax?<\/h6>\n<p>L'opzione \u00e8 modificabile dal Pannello di Controllo del servizio a cui si pu\u00f2 accedere una volta attivato il servizio di Fax Service Mail tramite UserId e Password.<br \/>\nE' possibile modificare tutti i dati relativi alla registrazione compreso anche l'indirizzo email abillitato all'invio.<\/p>\n<h6>Il servizio Fax Service Mail funziona come un qualsiasi numero di Fax?<\/h6>\n<p>Con il servizio offerto da Fax Server Mail \u00e8 possibile inviare e ricevere documenti come un tradizionale numero fax.<br \/>\nL'unica differenza \u00e8 che i fax arrivano via email come allegati pdf.<\/p>\n<h6>L'oggetto della mail viene trascritto nell'invio del fax?<\/h6>\n<p>L'oggetto del messaggio di posta elettronica NON compare nel fax che viene inviato, ma sar\u00e0 utilizzato per i messaggi di conferma che ti verranno inviati.<\/p>\n<h6>Quali allegati posso inviare?<\/h6>\n<p>Possono essere inviati in allegato alla mail di invio, file Word (.doc), file Excel (.xls), file PDF\/Acrobat (.pdf) e anche semplici file di TESTO (.txt).<br \/>\nNon possono essere inviati file di altro tipo (.exe .com .jpg .gif .tiff .bmp .pps .ppt ...)<br \/>\nSe usi un Mac, scegli come codifica dell'eventuale allegato il formato Base64.<br \/>\nSe usi Microsoft Word\u00ae, tramite la funzione stampa unione-&gt;email, (merge) puoi faxare a pi\u00f9 destinatari, grazie a EasyFAX, un documento Word personalizzato per ogni destinatario con una semplice operazione.<\/p>\n<h6>Quanto costa inviare un fax?<\/h6>\n<p>Per i costi dell'invio tramite il servizio Fax Service Mail \u00e8 necessario consultare il tariffario.<\/p>\n<\/div><\/li><\/ul><\/div>\n","protected":false},"excerpt":{"rendered":"<p>Come funziona? Fax Server Mail \u00e8 un\u00a0Servizio Fax\u00a0virtuale che consente di inviare e ricevere Fax, senza la necessit\u00e0 di disporre di dispositivi Fax. Per utilizzare questo servizio \u00e8 necessario disporre esclusivamente di: una casella di posta elettronica; una numerazione b4Fax attiva e configurata (l&#8217;attivazione \u00e8 gratuita); In questo modo, con Fax Server Mail, si possono [&hellip;]<\/p>\n","protected":false},"author":2,"featured_media":0,"parent":0,"menu_order":0,"comment_status":"closed","ping_status":"closed","template":"page-servizi-generica.php","meta":{"footnotes":""},"class_list":["post-5463","page","type-page","status-publish","hentry"],"_links":{"self":[{"href":"https:\/\/www.b4tlc.it\/en\/wp-json\/wp\/v2\/pages\/5463\/"}],"collection":[{"href":"https:\/\/www.b4tlc.it\/en\/wp-json\/wp\/v2\/pages\/"}],"about":[{"href":"https:\/\/www.b4tlc.it\/en\/wp-json\/wp\/v2\/types\/page\/"}],"author":[{"embeddable":true,"href":"https:\/\/www.b4tlc.it\/en\/wp-json\/wp\/v2\/users\/2\/"}],"replies":[{"embeddable":true,"href":"https:\/\/www.b4tlc.it\/en\/wp-json\/wp\/v2\/comments\/?post=5463"}],"version-history":[{"count":1,"href":"https:\/\/www.b4tlc.it\/en\/wp-json\/wp\/v2\/pages\/5463\/revisions\/"}],"predecessor-version":[{"id":5464,"href":"https:\/\/www.b4tlc.it\/en\/wp-json\/wp\/v2\/pages\/5463\/revisions\/5464\/"}],"wp:attachment":[{"href":"https:\/\/www.b4tlc.it\/en\/wp-json\/wp\/v2\/media\/?parent=5463"}],"curies":[{"name":"wp","href":"https:\/\/api.w.org\/{rel}","templated":true}]}}