{"id":5455,"date":"2019-03-16T08:11:08","date_gmt":"2019-03-16T07:11:08","guid":{"rendered":"https:\/\/www.b4tlc.it\/?page_id=5455"},"modified":"2019-05-02T15:42:37","modified_gmt":"2019-05-02T13:42:37","slug":"who-we-are","status":"publish","type":"page","link":"https:\/\/www.b4tlc.it\/en\/who-we-are\/","title":{"rendered":"About Us"},"content":{"rendered":"<p><strong>L&#8217;operatore telefonico B4 leader da anni nel mercato delle telecomunicazioni<\/strong>, garantisce un servizio completo e flessibile che si adatta a tutte le necessit\u00e0 dei nostri clienti. Da anni b4 si occupa di garantire ai propri clienti un servizio che soddisfi le personali esigenze con un<strong> profilo tecnico del nostro supporto clienti molto elevato.<\/strong><\/p>\n<p>B4 rientra tra gli <strong>operatori telefonici italiani autorizzati dal Ministero dello Sviluppo Economico (licenza di Operatore di Telefonia Fissa) ed iscritto al ROC<\/strong>, con la specializzazione nei servizi telefonici a valore aggiunto come 899-895-894-199-178.<\/p>\n<p>L&#8217;azienda B4 presenta un servizio completo pronto a soddisfare tutte le esigenze dei propri clienti con due business unit separate ma perfettamente integrate tra di loro per offrire una soluzione tecnica e commerciale sempre all&#8217;avanguardia.<\/p>\n<h2>I nostri obiettivi<\/h2>\n<p>I servizi offerti da b4 sono il risultato di un&#8217;attenta indagine di mercato volta ad offrire validi servizi di telecomunicazione di qualit\u00e0. La professionalit\u00e0 della nostra<strong> assistenza post vendita \u00e8 specializzata nella configurazione e risoluzione di qualunque problematica legata ai nostri servizi<\/strong>. Ogni giorno cerchiamo di dare risposte chiare e pertinenti a problematiche commerciali, tecniche e amministrative, potete contattarci alla nostra casella email <a href=\"mailto:info@34.154.89.188\">info@34.154.89.188<\/a><\/p>\n<p><img loading=\"lazy\" decoding=\"async\" class=\"alignnone size-full wp-image-18\" src=\"http:\/\/34.154.89.188\/wp-content\/uploads\/2018\/11\/agcom.jpg\" alt=\"\" width=\"400\" height=\"71\" srcset=\"https:\/\/www.b4tlc.it\/wp-content\/uploads\/2018\/11\/agcom.jpg 400w, https:\/\/www.b4tlc.it\/wp-content\/uploads\/2018\/11\/agcom-300x53.jpg 300w\" sizes=\"auto, (max-width: 400px) 100vw, 400px\" \/> <img loading=\"lazy\" decoding=\"async\" class=\"alignnone size-full wp-image-19\" src=\"http:\/\/34.154.89.188\/wp-content\/uploads\/2018\/11\/ministero-sviluppo.jpg\" alt=\"\" width=\"313\" height=\"107\" srcset=\"https:\/\/www.b4tlc.it\/wp-content\/uploads\/2018\/11\/ministero-sviluppo.jpg 313w, https:\/\/www.b4tlc.it\/wp-content\/uploads\/2018\/11\/ministero-sviluppo-300x103.jpg 300w\" sizes=\"auto, (max-width: 313px) 100vw, 313px\" \/><\/p>\n","protected":false},"excerpt":{"rendered":"<p>L&#8217;operatore telefonico B4 leader da anni nel mercato delle telecomunicazioni, garantisce un servizio completo e flessibile che si adatta a tutte le necessit\u00e0 dei nostri clienti. Da anni b4 si occupa di garantire ai propri clienti un servizio che soddisfi le personali esigenze con un profilo tecnico del nostro supporto clienti molto elevato. B4 rientra [&hellip;]<\/p>\n","protected":false},"author":2,"featured_media":0,"parent":0,"menu_order":0,"comment_status":"closed","ping_status":"closed","template":"","meta":{"footnotes":""},"class_list":["post-5455","page","type-page","status-publish","hentry"],"_links":{"self":[{"href":"https:\/\/www.b4tlc.it\/en\/wp-json\/wp\/v2\/pages\/5455\/"}],"collection":[{"href":"https:\/\/www.b4tlc.it\/en\/wp-json\/wp\/v2\/pages\/"}],"about":[{"href":"https:\/\/www.b4tlc.it\/en\/wp-json\/wp\/v2\/types\/page\/"}],"author":[{"embeddable":true,"href":"https:\/\/www.b4tlc.it\/en\/wp-json\/wp\/v2\/users\/2\/"}],"replies":[{"embeddable":true,"href":"https:\/\/www.b4tlc.it\/en\/wp-json\/wp\/v2\/comments\/?post=5455"}],"version-history":[{"count":2,"href":"https:\/\/www.b4tlc.it\/en\/wp-json\/wp\/v2\/pages\/5455\/revisions\/"}],"predecessor-version":[{"id":5515,"href":"https:\/\/www.b4tlc.it\/en\/wp-json\/wp\/v2\/pages\/5455\/revisions\/5515\/"}],"wp:attachment":[{"href":"https:\/\/www.b4tlc.it\/en\/wp-json\/wp\/v2\/media\/?parent=5455"}],"curies":[{"name":"wp","href":"https:\/\/api.w.org\/{rel}","templated":true}]}}