{"id":5453,"date":"2019-03-16T08:10:44","date_gmt":"2019-03-16T07:10:44","guid":{"rendered":"https:\/\/www.b4tlc.it\/?page_id=5453"},"modified":"2019-03-16T08:10:44","modified_gmt":"2019-03-16T07:10:44","slug":"credit-cards","status":"publish","type":"page","link":"https:\/\/www.b4tlc.it\/en\/credit-cards\/","title":{"rendered":"Credit cards"},"content":{"rendered":"<h2>Come funziona?<\/h2>\n<p><span class=\"tx\">E&#8217; possibile attivare numerazioni speciali per l&#8217;assistenza e la consulenza di un servizio raggiungibile solo tramite pagamento di carta di credito.<\/span><\/p>\n<p><span class=\"tx\">La numerazione scelta \u00e8 indipendente dalla localizzazione geografica e tutte le chiamate che terminano in queste linee vengono fatte passare tramite linee b4 che le indirizzano poi alle varie numerazioni dei clienti.<\/span><\/p>\n<p><span class=\"tx\">Il nostro servizio di numerazione pu\u00f2 essere chiamato anche dai paesi esteri e il nostro circuito funziona con tutte le carte emesse dai principali network come\u00a0<strong>Visa Mastercard<\/strong>,\u00a0<strong>American Express<\/strong>,\u00a0<strong>Poste Pay<\/strong>\u00a0e altre carte sia prepagate che ricaricabili emesse dai pi\u00f9 importanti istituti di credi autorizzati.<\/span><\/p>\n<div class=\"container theme1\" style=\"width:100%; height:auto\"><ul class=\"responsive-accordion responsive-accordion-default bm-larger\"><li><div class=\"responsive-accordion-head\" style=\"background-color:\"><span style=\"color:;font-size:15px\">Caratteristiche del servizio<\/span><i class=\"fa fa-chevron-down responsive-accordion-plus fa-fw\"><\/i><i class=\"fa fa-chevron-up responsive-accordion-minus fa-fw\"><\/i><\/div><div class=\"responsive-accordion-panel\"style=\"background-color:;padding:12px;color:;font-size:14px\"><p>Il servizio carta di credito erogato da b4 \u00e8 un ottimo strumento di qualit\u00e0 che garantisce sicurezza, privacy e profitti.<\/p>\n<h6>Internazionalit\u00e0<\/h6>\n<p>Le numerazioni speciali possono essere chiamate anche da paesi esteri.<\/p>\n<h6>Fidelizzazione<\/h6>\n<p>Grazie ai servizi di b4, l'azienda percepir\u00e0 un alto livello di soddisfazione da parte del cliente che si traduce in un alto grado di fedelt\u00e0 al servizio erogato.<\/p>\n<h6>Solidi incassi<\/h6>\n<p>Per ogni singolo utente, al crescere delle transazioni mensilmente prodotte, crescer\u00e0 anche la percentuale di reverse per il gestore.<\/p>\n<h6>Erogazione<\/h6>\n<p>Il servizio verr\u00e0 erogato\u00a0<strong>solo<\/strong>\u00a0ad\u00a0<strong>avvenuto pagamento<br \/>\n<\/strong>Con il servizio b4 Carta di Credito si ha la certezza di accedere al servizio a pagamento solo dopo l'avvenuto pagamento e la ricezione del PIN.<\/p>\n<\/div><\/li><li><div class=\"responsive-accordion-head\" style=\"background-color:\"><span style=\"color:;font-size:15px\">Costi<\/span><i class=\"fa fa-chevron-down responsive-accordion-plus fa-fw\"><\/i><i class=\"fa fa-chevron-up responsive-accordion-minus fa-fw\"><\/i><\/div><div class=\"responsive-accordion-panel\"style=\"background-color:;padding:12px;color:;font-size:14px\"><p>Per attivare il servizio carta di credito \u00e8 necessario contattare il numero\u00a0<strong>06 95545501<\/strong><\/p>\n<\/div><\/li><li><div class=\"responsive-accordion-head\" style=\"background-color:\"><span style=\"color:;font-size:15px\">Domande frequenti<\/span><i class=\"fa fa-chevron-down responsive-accordion-plus fa-fw\"><\/i><i class=\"fa fa-chevron-up responsive-accordion-minus fa-fw\"><\/i><\/div><div class=\"responsive-accordion-panel\"style=\"background-color:;padding:12px;color:;font-size:14px\"><h6>E' possibile chiamare da un numero riservato?<\/h6>\n<p>E' possibile chiamare da qualsiasi numero sia in chiaro che non.<\/p>\n<h6>Il credito acquistato deve essere consumato in una sola telefonata?<\/h6>\n<p>No, il credito pu\u00f2 essere consumato in differenti chiamate entro per\u00f2 un numero limitato di mesi, che pu\u00f2 diversificarsi a seconda del servizio scelto.<\/p>\n<h6>Qual'\u00e8 il funzionamento per l'utente che chiama?<\/h6>\n<p>Il cliente acquista un numero di crediti e verr\u00e0 rilasciato nello stesso momento un PIN che digitato al momento della chiamata comincer\u00e0 a far scalare il monte credito acquistato.<\/p>\n<h6>Quali sono i costi per attivare e mantenere il servizio?<\/h6>\n<p>I costi del servizio vengono comuncati chiamando il numero 06 95545501.<\/p>\n<h6>Quali sono le carte di credito con cui si accettano i pagamenti?<\/h6>\n<p>Sono accettate tutte le carte di credito, tra i principali network ricordiamo Visa Martercard, American Express e Poste Pay.<\/p>\n<\/div><\/li><\/ul><\/div>\n","protected":false},"excerpt":{"rendered":"<p>Come funziona? E&#8217; possibile attivare numerazioni speciali per l&#8217;assistenza e la consulenza di un servizio raggiungibile solo tramite pagamento di carta di credito. La numerazione scelta \u00e8 indipendente dalla localizzazione geografica e tutte le chiamate che terminano in queste linee vengono fatte passare tramite linee b4 che le indirizzano poi alle varie numerazioni dei clienti. [&hellip;]<\/p>\n","protected":false},"author":2,"featured_media":0,"parent":0,"menu_order":0,"comment_status":"closed","ping_status":"closed","template":"page-servizi-generica.php","meta":{"footnotes":""},"class_list":["post-5453","page","type-page","status-publish","hentry"],"_links":{"self":[{"href":"https:\/\/www.b4tlc.it\/en\/wp-json\/wp\/v2\/pages\/5453\/"}],"collection":[{"href":"https:\/\/www.b4tlc.it\/en\/wp-json\/wp\/v2\/pages\/"}],"about":[{"href":"https:\/\/www.b4tlc.it\/en\/wp-json\/wp\/v2\/types\/page\/"}],"author":[{"embeddable":true,"href":"https:\/\/www.b4tlc.it\/en\/wp-json\/wp\/v2\/users\/2\/"}],"replies":[{"embeddable":true,"href":"https:\/\/www.b4tlc.it\/en\/wp-json\/wp\/v2\/comments\/?post=5453"}],"version-history":[{"count":1,"href":"https:\/\/www.b4tlc.it\/en\/wp-json\/wp\/v2\/pages\/5453\/revisions\/"}],"predecessor-version":[{"id":5454,"href":"https:\/\/www.b4tlc.it\/en\/wp-json\/wp\/v2\/pages\/5453\/revisions\/5454\/"}],"wp:attachment":[{"href":"https:\/\/www.b4tlc.it\/en\/wp-json\/wp\/v2\/media\/?parent=5453"}],"curies":[{"name":"wp","href":"https:\/\/api.w.org\/{rel}","templated":true}]}}